{"id":1018,"date":"2025-07-02T05:13:04","date_gmt":"2025-07-02T05:13:04","guid":{"rendered":"https:\/\/borsaninizinden.com\/kripto\/tiehome\/"},"modified":"2025-07-18T11:42:15","modified_gmt":"2025-07-18T11:42:15","slug":"tiehome","status":"publish","type":"page","link":"https:\/\/borsaninizinden.com\/kripto\/","title":{"rendered":"Ana Sayfa"},"content":{"rendered":"","protected":false},"excerpt":{"rendered":"","protected":false},"author":1,"featured_media":0,"parent":0,"menu_order":0,"comment_status":"closed","ping_status":"closed","template":"","meta":{"footnotes":""},"class_list":["post-1018","page","type-page","status-publish","hentry"],"yoast_head":"<!-- This site is optimized with the Yoast SEO plugin v26.9 - https:\/\/yoast.com\/product\/yoast-seo-wordpress\/ -->\n<title>Borsan\u0131n \u0130zinden Kripto<\/title>\n<meta name=\"description\" content=\"Borsan\u0131n \u0130zinden&#039;in k\u00f6kl\u00fc deneyimi ve ara\u015ft\u0131rma yetene\u011fi ile kripto para ekosistemine dair her \u015feyi \u00f6\u011frenmeye haz\u0131r olun.\" \/>\n<meta name=\"robots\" content=\"index, follow, max-snippet:-1, max-image-preview:large, max-video-preview:-1\" \/>\n<link rel=\"canonical\" href=\"https:\/\/borsaninizinden.com\/kripto\/\" \/>\n<meta property=\"og:locale\" content=\"tr_TR\" \/>\n<meta property=\"og:type\" content=\"article\" \/>\n<meta property=\"og:title\" content=\"Borsan\u0131n \u0130zinden Kripto\" \/>\n<meta property=\"og:description\" content=\"Borsan\u0131n \u0130zinden&#039;in k\u00f6kl\u00fc deneyimi ve ara\u015ft\u0131rma yetene\u011fi ile kripto para ekosistemine dair her \u015feyi \u00f6\u011frenmeye haz\u0131r olun.\" \/>\n<meta property=\"og:url\" content=\"https:\/\/borsaninizinden.com\/kripto\/\" \/>\n<meta property=\"og:site_name\" content=\"Borsan\u0131n \u0130zinden\" \/>\n<meta property=\"article:modified_time\" content=\"2025-07-18T11:42:15+00:00\" \/>\n<meta name=\"twitter:card\" content=\"summary_large_image\" \/>\n<script type=\"application\/ld+json\" class=\"yoast-schema-graph\">{\"@context\":\"https:\/\/schema.org\",\"@graph\":[{\"@type\":\"WebPage\",\"@id\":\"https:\/\/borsaninizinden.com\/kripto\/\",\"url\":\"https:\/\/borsaninizinden.com\/kripto\/\",\"name\":\"Borsan\u0131n \u0130zinden Kripto\",\"isPartOf\":{\"@id\":\"https:\/\/borsaninizinden.com\/kripto\/#website\"},\"datePublished\":\"2025-07-02T05:13:04+00:00\",\"dateModified\":\"2025-07-18T11:42:15+00:00\",\"description\":\"Borsan\u0131n \u0130zinden'in k\u00f6kl\u00fc deneyimi ve ara\u015ft\u0131rma yetene\u011fi ile kripto para ekosistemine dair her \u015feyi \u00f6\u011frenmeye haz\u0131r olun.\",\"breadcrumb\":{\"@id\":\"https:\/\/borsaninizinden.com\/kripto\/#breadcrumb\"},\"inLanguage\":\"tr\",\"potentialAction\":[{\"@type\":\"ReadAction\",\"target\":[\"https:\/\/borsaninizinden.com\/kripto\/\"]}]},{\"@type\":\"BreadcrumbList\",\"@id\":\"https:\/\/borsaninizinden.com\/kripto\/#breadcrumb\",\"itemListElement\":[{\"@type\":\"ListItem\",\"position\":1,\"name\":\"Anasayfa\",\"item\":\"https:\/\/borsaninizinden.com\/kripto\/\"},{\"@type\":\"ListItem\",\"position\":2,\"name\":\"Ana Sayfa\"}]},{\"@type\":\"WebSite\",\"@id\":\"https:\/\/borsaninizinden.com\/kripto\/#website\",\"url\":\"https:\/\/borsaninizinden.com\/kripto\/\",\"name\":\"Borsan\u0131n \u0130zinden\",\"description\":\"Borsan\u0131n \u0130zinden&#039;in k\u00f6kl\u00fc deneyimi ve ara\u015ft\u0131rma yetene\u011fi ile kripto para ekosistemine dair her \u015feyi \u00f6\u011frenmeye haz\u0131r olun.\",\"potentialAction\":[{\"@type\":\"SearchAction\",\"target\":{\"@type\":\"EntryPoint\",\"urlTemplate\":\"https:\/\/borsaninizinden.com\/kripto\/?s={search_term_string}\"},\"query-input\":{\"@type\":\"PropertyValueSpecification\",\"valueRequired\":true,\"valueName\":\"search_term_string\"}}],\"inLanguage\":\"tr\"}]}<\/script>\n<!-- \/ Yoast SEO plugin. -->","yoast_head_json":{"title":"Borsan\u0131n \u0130zinden Kripto","description":"Borsan\u0131n \u0130zinden'in k\u00f6kl\u00fc deneyimi ve ara\u015ft\u0131rma yetene\u011fi ile kripto para ekosistemine dair her \u015feyi \u00f6\u011frenmeye haz\u0131r olun.","robots":{"index":"index","follow":"follow","max-snippet":"max-snippet:-1","max-image-preview":"max-image-preview:large","max-video-preview":"max-video-preview:-1"},"canonical":"https:\/\/borsaninizinden.com\/kripto\/","og_locale":"tr_TR","og_type":"article","og_title":"Borsan\u0131n \u0130zinden Kripto","og_description":"Borsan\u0131n \u0130zinden'in k\u00f6kl\u00fc deneyimi ve ara\u015ft\u0131rma yetene\u011fi ile kripto para ekosistemine dair her \u015feyi \u00f6\u011frenmeye haz\u0131r olun.","og_url":"https:\/\/borsaninizinden.com\/kripto\/","og_site_name":"Borsan\u0131n \u0130zinden","article_modified_time":"2025-07-18T11:42:15+00:00","twitter_card":"summary_large_image","schema":{"@context":"https:\/\/schema.org","@graph":[{"@type":"WebPage","@id":"https:\/\/borsaninizinden.com\/kripto\/","url":"https:\/\/borsaninizinden.com\/kripto\/","name":"Borsan\u0131n \u0130zinden Kripto","isPartOf":{"@id":"https:\/\/borsaninizinden.com\/kripto\/#website"},"datePublished":"2025-07-02T05:13:04+00:00","dateModified":"2025-07-18T11:42:15+00:00","description":"Borsan\u0131n \u0130zinden'in k\u00f6kl\u00fc deneyimi ve ara\u015ft\u0131rma yetene\u011fi ile kripto para ekosistemine dair her \u015feyi \u00f6\u011frenmeye haz\u0131r olun.","breadcrumb":{"@id":"https:\/\/borsaninizinden.com\/kripto\/#breadcrumb"},"inLanguage":"tr","potentialAction":[{"@type":"ReadAction","target":["https:\/\/borsaninizinden.com\/kripto\/"]}]},{"@type":"BreadcrumbList","@id":"https:\/\/borsaninizinden.com\/kripto\/#breadcrumb","itemListElement":[{"@type":"ListItem","position":1,"name":"Anasayfa","item":"https:\/\/borsaninizinden.com\/kripto\/"},{"@type":"ListItem","position":2,"name":"Ana Sayfa"}]},{"@type":"WebSite","@id":"https:\/\/borsaninizinden.com\/kripto\/#website","url":"https:\/\/borsaninizinden.com\/kripto\/","name":"Borsan\u0131n \u0130zinden","description":"Borsan\u0131n \u0130zinden&#039;in k\u00f6kl\u00fc deneyimi ve ara\u015ft\u0131rma yetene\u011fi ile kripto para ekosistemine dair her \u015feyi \u00f6\u011frenmeye haz\u0131r olun.","potentialAction":[{"@type":"SearchAction","target":{"@type":"EntryPoint","urlTemplate":"https:\/\/borsaninizinden.com\/kripto\/?s={search_term_string}"},"query-input":{"@type":"PropertyValueSpecification","valueRequired":true,"valueName":"search_term_string"}}],"inLanguage":"tr"}]}},"_links":{"self":[{"href":"https:\/\/borsaninizinden.com\/kripto\/wp-json\/wp\/v2\/pages\/1018","targetHints":{"allow":["GET"]}}],"collection":[{"href":"https:\/\/borsaninizinden.com\/kripto\/wp-json\/wp\/v2\/pages"}],"about":[{"href":"https:\/\/borsaninizinden.com\/kripto\/wp-json\/wp\/v2\/types\/page"}],"author":[{"embeddable":true,"href":"https:\/\/borsaninizinden.com\/kripto\/wp-json\/wp\/v2\/users\/1"}],"replies":[{"embeddable":true,"href":"https:\/\/borsaninizinden.com\/kripto\/wp-json\/wp\/v2\/comments?post=1018"}],"version-history":[{"count":3,"href":"https:\/\/borsaninizinden.com\/kripto\/wp-json\/wp\/v2\/pages\/1018\/revisions"}],"predecessor-version":[{"id":1177,"href":"https:\/\/borsaninizinden.com\/kripto\/wp-json\/wp\/v2\/pages\/1018\/revisions\/1177"}],"wp:attachment":[{"href":"https:\/\/borsaninizinden.com\/kripto\/wp-json\/wp\/v2\/media?parent=1018"}],"curies":[{"name":"wp","href":"https:\/\/api.w.org\/{rel}","templated":true}]}}