{"id":762,"date":"2021-01-20T10:53:51","date_gmt":"2021-01-20T07:53:51","guid":{"rendered":"https:\/\/borsaninizinden.com\/atolye\/?post_type=product&#038;p=762"},"modified":"2025-06-11T11:29:31","modified_gmt":"2025-06-11T08:29:31","slug":"yeni-baslayanlar-icin-adan-zye-teknik-analiz-egitimi","status":"publish","type":"product","link":"https:\/\/borsaninizinden.com\/atolye\/urun\/yeni-baslayanlar-icin-adan-zye-teknik-analiz-egitimi\/","title":{"rendered":"Yeni Ba\u015flayanlar \u0130\u00e7in A&#8217;dan Z&#8217;ye Teknik Analiz E\u011fitimi"},"content":{"rendered":"","protected":false},"excerpt":{"rendered":"","protected":false},"featured_media":766,"template":"","meta":{"site-sidebar-layout":"default","site-content-layout":"default","ast-site-content-layout":"default","site-content-style":"default","site-sidebar-style":"default","ast-global-header-display":"","ast-banner-title-visibility":"","ast-main-header-display":"","ast-hfb-above-header-display":"","ast-hfb-below-header-display":"","ast-hfb-mobile-header-display":"","site-post-title":"","ast-breadcrumbs-content":"","ast-featured-img":"","footer-sml-layout":"","ast-disable-related-posts":"","theme-transparent-header-meta":"default","adv-header-id-meta":"","stick-header-meta":"","header-above-stick-meta":"","header-main-stick-meta":"","header-below-stick-meta":"","astra-migrate-meta-layouts":"set","ast-page-background-enabled":"default","ast-page-background-meta":{"desktop":{"background-color":"","background-image":"","background-repeat":"repeat","background-position":"center center","background-size":"auto","background-attachment":"scroll","background-type":"","background-media":"","overlay-type":"","overlay-color":"","overlay-opacity":"","overlay-gradient":""},"tablet":{"background-color":"","background-image":"","background-repeat":"repeat","background-position":"center center","background-size":"auto","background-attachment":"scroll","background-type":"","background-media":"","overlay-type":"","overlay-color":"","overlay-opacity":"","overlay-gradient":""},"mobile":{"background-color":"","background-image":"","background-repeat":"repeat","background-position":"center center","background-size":"auto","background-attachment":"scroll","background-type":"","background-media":"","overlay-type":"","overlay-color":"","overlay-opacity":"","overlay-gradient":""}},"ast-content-background-meta":{"desktop":{"background-color":"var(--ast-global-color-5)","background-image":"","background-repeat":"repeat","background-position":"center center","background-size":"auto","background-attachment":"scroll","background-type":"","background-media":"","overlay-type":"","overlay-color":"","overlay-opacity":"","overlay-gradient":""},"tablet":{"background-color":"var(--ast-global-color-5)","background-image":"","background-repeat":"repeat","background-position":"center center","background-size":"auto","background-attachment":"scroll","background-type":"","background-media":"","overlay-type":"","overlay-color":"","overlay-opacity":"","overlay-gradient":""},"mobile":{"background-color":"var(--ast-global-color-5)","background-image":"","background-repeat":"repeat","background-position":"center center","background-size":"auto","background-attachment":"scroll","background-type":"","background-media":"","overlay-type":"","overlay-color":"","overlay-opacity":"","overlay-gradient":""}}},"product_brand":[],"product_cat":[16],"product_tag":[],"class_list":{"0":"post-762","1":"product","2":"type-product","3":"status-publish","4":"has-post-thumbnail","6":"product_cat-genel","8":"first","9":"instock","10":"featured","11":"virtual","12":"sold-individually","13":"taxable","14":"purchasable","15":"product-type-course"},"_links":{"self":[{"href":"https:\/\/borsaninizinden.com\/atolye\/wp-json\/wp\/v2\/product\/762","targetHints":{"allow":["GET"]}}],"collection":[{"href":"https:\/\/borsaninizinden.com\/atolye\/wp-json\/wp\/v2\/product"}],"about":[{"href":"https:\/\/borsaninizinden.com\/atolye\/wp-json\/wp\/v2\/types\/product"}],"version-history":[{"count":2,"href":"https:\/\/borsaninizinden.com\/atolye\/wp-json\/wp\/v2\/product\/762\/revisions"}],"predecessor-version":[{"id":23724,"href":"https:\/\/borsaninizinden.com\/atolye\/wp-json\/wp\/v2\/product\/762\/revisions\/23724"}],"wp:featuredmedia":[{"embeddable":true,"href":"https:\/\/borsaninizinden.com\/atolye\/wp-json\/wp\/v2\/media\/766"}],"wp:attachment":[{"href":"https:\/\/borsaninizinden.com\/atolye\/wp-json\/wp\/v2\/media?parent=762"}],"wp:term":[{"taxonomy":"product_brand","embeddable":true,"href":"https:\/\/borsaninizinden.com\/atolye\/wp-json\/wp\/v2\/product_brand?post=762"},{"taxonomy":"product_cat","embeddable":true,"href":"https:\/\/borsaninizinden.com\/atolye\/wp-json\/wp\/v2\/product_cat?post=762"},{"taxonomy":"product_tag","embeddable":true,"href":"https:\/\/borsaninizinden.com\/atolye\/wp-json\/wp\/v2\/product_tag?post=762"}],"curies":[{"name":"wp","href":"https:\/\/api.w.org\/{rel}","templated":true}]}}