{"id":58434,"date":"2024-05-23T16:56:17","date_gmt":"2024-05-23T13:56:17","guid":{"rendered":"https:\/\/borsaninizinden.com\/atolye\/?post_type=product&#038;p=58434"},"modified":"2025-10-02T15:26:43","modified_gmt":"2025-10-02T12:26:43","slug":"vadeli-islem-ve-opsiyon-piyasasi-egitimi","status":"publish","type":"product","link":"https:\/\/borsaninizinden.com\/atolye\/urun\/vadeli-islem-ve-opsiyon-piyasasi-egitimi\/","title":{"rendered":"Vadeli \u0130\u015flem ve Opsiyon Piyasas\u0131 E\u011fitimi (Birebir)"},"content":{"rendered":"<div class=\"woocommerce-product-details__short-description\">\n<p>\u0130brahim Babada\u011f\u0131 ile birebir yap\u0131lacak olan Vadeli \u0130\u015flem ve Opsiyon Piyasas\u0131 E\u011fitimini sat\u0131n almak \u00fczeresin. S\u00fcre\u00e7 \u015f\u00f6yle ilerleyecek:<\/p>\n<p>1) \u00dcr\u00fcn\u00fc sepete ekledikten sonra \u00e7\u0131kan\u00a0<strong>\u201csepeti g\u00f6r\u00fcnt\u00fcle\u201d<\/strong>\u00a0butonuna bas,<\/p>\n<p>2) Sonras\u0131nda \u00e7\u0131kan ekranda<strong>\u00a0\u201c\u00f6deme sayfas\u0131na git\u201d<\/strong>\u00a0butonuna bas,<\/p>\n<p>3) Bilgilerini girdikten sonra \u00f6demeyi yap.<\/p>\n<p>\u00d6deme yap\u0131ld\u0131ktan sonra, \u00f6deme esnas\u0131nda sisteme girmi\u015f oldu\u011fun telefon numaras\u0131ndan seni 24 saat i\u00e7erisinde arayaca\u011f\u0131m ve tan\u0131\u015faca\u011f\u0131z. E\u011fitim planlamas\u0131n\u0131 beraber yapaca\u011f\u0131z. \u0130lgine te\u015fekk\u00fcrler.<\/p>\n<\/div>\n<form class=\"cart\" action=\"https:\/\/borsaninizinden.com\/mentoring\/product\/baslangic-ve-orta-seviye-teknik-analiz-egitimi-birebir\/\" enctype=\"multipart\/form-data\" method=\"post\">\n<div class=\"quantity\"><\/div>\n<\/form>\n","protected":false},"excerpt":{"rendered":"<p>\u0130brahim Babada\u011f\u0131 ile birebir yap\u0131lacak olan Vadeli \u0130\u015flem ve Opsiyon Piyasas\u0131 E\u011fitimini sat\u0131n almak \u00fczeresin. S\u00fcre\u00e7 \u015f\u00f6yle ilerleyecek: 1) \u00dcr\u00fcn\u00fc sepete ekledikten sonra \u00e7\u0131kan\u00a0\u201csepeti g\u00f6r\u00fcnt\u00fcle\u201d\u00a0butonuna bas, 2) Sonras\u0131nda \u00e7\u0131kan ekranda\u00a0\u201c\u00f6deme sayfas\u0131na git\u201d\u00a0butonuna bas, 3) Bilgilerini girdikten sonra \u00f6demeyi yap. \u00d6deme yap\u0131ld\u0131ktan sonra, \u00f6deme esnas\u0131nda sisteme girmi\u015f oldu\u011fun telefon numaras\u0131ndan seni 24 saat i\u00e7erisinde arayaca\u011f\u0131m ve [&hellip;]<\/p>\n","protected":false},"featured_media":58482,"template":"","meta":{"site-sidebar-layout":"default","site-content-layout":"","ast-site-content-layout":"default","site-content-style":"default","site-sidebar-style":"default","ast-global-header-display":"","ast-banner-title-visibility":"","ast-main-header-display":"","ast-hfb-above-header-display":"","ast-hfb-below-header-display":"","ast-hfb-mobile-header-display":"","site-post-title":"","ast-breadcrumbs-content":"","ast-featured-img":"","footer-sml-layout":"","ast-disable-related-posts":"","theme-transparent-header-meta":"default","adv-header-id-meta":"","stick-header-meta":"","header-above-stick-meta":"","header-main-stick-meta":"","header-below-stick-meta":"","astra-migrate-meta-layouts":"set","ast-page-background-enabled":"default","ast-page-background-meta":{"desktop":{"background-color":"","background-image":"","background-repeat":"repeat","background-position":"center center","background-size":"auto","background-attachment":"scroll","background-type":"","background-media":"","overlay-type":"","overlay-color":"","overlay-opacity":"","overlay-gradient":""},"tablet":{"background-color":"","background-image":"","background-repeat":"repeat","background-position":"center center","background-size":"auto","background-attachment":"scroll","background-type":"","background-media":"","overlay-type":"","overlay-color":"","overlay-opacity":"","overlay-gradient":""},"mobile":{"background-color":"","background-image":"","background-repeat":"repeat","background-position":"center center","background-size":"auto","background-attachment":"scroll","background-type":"","background-media":"","overlay-type":"","overlay-color":"","overlay-opacity":"","overlay-gradient":""}},"ast-content-background-meta":{"desktop":{"background-color":"var(--ast-global-color-5)","background-image":"","background-repeat":"repeat","background-position":"center center","background-size":"auto","background-attachment":"scroll","background-type":"","background-media":"","overlay-type":"","overlay-color":"","overlay-opacity":"","overlay-gradient":""},"tablet":{"background-color":"var(--ast-global-color-5)","background-image":"","background-repeat":"repeat","background-position":"center center","background-size":"auto","background-attachment":"scroll","background-type":"","background-media":"","overlay-type":"","overlay-color":"","overlay-opacity":"","overlay-gradient":""},"mobile":{"background-color":"var(--ast-global-color-5)","background-image":"","background-repeat":"repeat","background-position":"center center","background-size":"auto","background-attachment":"scroll","background-type":"","background-media":"","overlay-type":"","overlay-color":"","overlay-opacity":"","overlay-gradient":""}}},"product_brand":[],"product_cat":[16],"product_tag":[],"class_list":{"0":"post-58434","1":"product","2":"type-product","3":"status-publish","4":"has-post-thumbnail","6":"product_cat-genel","8":"first","9":"instock","10":"downloadable","11":"virtual","12":"sold-individually","13":"taxable","14":"purchasable","15":"product-type-simple"},"_links":{"self":[{"href":"https:\/\/borsaninizinden.com\/atolye\/wp-json\/wp\/v2\/product\/58434","targetHints":{"allow":["GET"]}}],"collection":[{"href":"https:\/\/borsaninizinden.com\/atolye\/wp-json\/wp\/v2\/product"}],"about":[{"href":"https:\/\/borsaninizinden.com\/atolye\/wp-json\/wp\/v2\/types\/product"}],"version-history":[{"count":2,"href":"https:\/\/borsaninizinden.com\/atolye\/wp-json\/wp\/v2\/product\/58434\/revisions"}],"predecessor-version":[{"id":58484,"href":"https:\/\/borsaninizinden.com\/atolye\/wp-json\/wp\/v2\/product\/58434\/revisions\/58484"}],"wp:featuredmedia":[{"embeddable":true,"href":"https:\/\/borsaninizinden.com\/atolye\/wp-json\/wp\/v2\/media\/58482"}],"wp:attachment":[{"href":"https:\/\/borsaninizinden.com\/atolye\/wp-json\/wp\/v2\/media?parent=58434"}],"wp:term":[{"taxonomy":"product_brand","embeddable":true,"href":"https:\/\/borsaninizinden.com\/atolye\/wp-json\/wp\/v2\/product_brand?post=58434"},{"taxonomy":"product_cat","embeddable":true,"href":"https:\/\/borsaninizinden.com\/atolye\/wp-json\/wp\/v2\/product_cat?post=58434"},{"taxonomy":"product_tag","embeddable":true,"href":"https:\/\/borsaninizinden.com\/atolye\/wp-json\/wp\/v2\/product_tag?post=58434"}],"curies":[{"name":"wp","href":"https:\/\/api.w.org\/{rel}","templated":true}]}}